{"id":81,"date":"2018-02-14T11:18:32","date_gmt":"2018-02-14T11:18:32","guid":{"rendered":"http:\/\/www.komunalsystem.pl\/?page_id=81"},"modified":"2018-07-19T07:51:23","modified_gmt":"2018-07-19T07:51:23","slug":"kontakt","status":"publish","type":"page","link":"https:\/\/www.komunalsystem.pl\/?page_id=81","title":{"rendered":"Kontakt"},"content":{"rendered":"<p><strong>KOMUNALSYSTEM S.C.<\/strong><br \/>\nPawe\u0142 Bizo\u0144, Jakub Niedzielski, Ilona Niedzielski<br \/>\nul. SZAFIROWA 57B\/1<br \/>\n44-121 GLIWICE<br \/>\nbiuro@komunalsystem.pl<br \/>\nfax: 32 763 66 65<br \/>\nNIP: 6312648317<br \/>\nREGON: 243183400<\/p>\n<p><strong>Adres biura:<\/strong><br \/>\nul. Sieronia 12<br \/>\n44-121 Gliwice<\/p>\n<p>Konto Bankowe : ING BANK \u015aL\u0104SKI 05 1050 1285 1000 0091 3291 8096<\/p>\n<p>W przypadku jakichkolwiek pyta\u0144, zapraszamy do bezpo\u015bredniego kontaktu:<\/p>\n<p><strong>Jakub NIEDZIELSKI<\/strong><br \/>\ntel. 882 988 182<br \/>\n<a href=\"mailto:j.niedzielski@komunalsystem.pl\">j.niedzielski@komunalsystem.pl<\/a><\/p>\n<p><strong>Ilona NIEDZIELSKI<\/strong><br \/>\ntel. 882 988 183<br \/>\n<a href=\"mailto:i.niedzielski@komunalsystem.pl\">i.niedzielski@komunalsystem.pl<\/a><\/p>\n<p><strong>Pawe\u0142 BIZO\u0143<\/strong><br \/>\ntel. 882 988 184<br \/>\n<a href=\"mailto:p.bizon@komunalsystem.pl\">p.bizon@komunalsystem.pl<\/a><\/p>\n","protected":false},"excerpt":{"rendered":"<p>KOMUNALSYSTEM S.C. Pawe\u0142 Bizo\u0144, Jakub Niedzielski, Ilona Niedzielski ul. SZAFIROWA 57B\/1 44-121 GLIWICE biuro@komunalsystem.pl fax: 32 763 66 65 NIP: 6312648317 REGON: 243183400 Adres biura: ul. Sieronia 12 44-121 Gliwice Konto Bankowe : ING BANK \u015aL\u0104SKI 05 1050 1285 1000 0091 3291 8096 W przypadku jakichkolwiek pyta\u0144, zapraszamy do bezpo\u015bredniego kontaktu: Jakub NIEDZIELSKI tel. 882 [&hellip;]<\/p>\n","protected":false},"author":1,"featured_media":0,"parent":0,"menu_order":0,"comment_status":"closed","ping_status":"closed","template":"","meta":[],"_links":{"self":[{"href":"https:\/\/www.komunalsystem.pl\/index.php?rest_route=\/wp\/v2\/pages\/81"}],"collection":[{"href":"https:\/\/www.komunalsystem.pl\/index.php?rest_route=\/wp\/v2\/pages"}],"about":[{"href":"https:\/\/www.komunalsystem.pl\/index.php?rest_route=\/wp\/v2\/types\/page"}],"author":[{"embeddable":true,"href":"https:\/\/www.komunalsystem.pl\/index.php?rest_route=\/wp\/v2\/users\/1"}],"replies":[{"embeddable":true,"href":"https:\/\/www.komunalsystem.pl\/index.php?rest_route=%2Fwp%2Fv2%2Fcomments&post=81"}],"version-history":[{"count":3,"href":"https:\/\/www.komunalsystem.pl\/index.php?rest_route=\/wp\/v2\/pages\/81\/revisions"}],"predecessor-version":[{"id":173,"href":"https:\/\/www.komunalsystem.pl\/index.php?rest_route=\/wp\/v2\/pages\/81\/revisions\/173"}],"wp:attachment":[{"href":"https:\/\/www.komunalsystem.pl\/index.php?rest_route=%2Fwp%2Fv2%2Fmedia&parent=81"}],"curies":[{"name":"wp","href":"https:\/\/api.w.org\/{rel}","templated":true}]}}